{"id":1851,"date":"2024-11-27T07:46:06","date_gmt":"2024-11-27T06:46:06","guid":{"rendered":"https:\/\/hundeverein-muehlhausen.de\/WP\/?page_id=1851"},"modified":"2025-06-06T08:19:09","modified_gmt":"2025-06-06T06:19:09","slug":"ausbildungszeiten","status":"publish","type":"page","link":"https:\/\/hundeverein-muehlhausen.de\/WP\/ausbildungszeiten\/","title":{"rendered":"Ausbildungszeiten"},"content":{"rendered":"\n<div class=\"wp-block-columns alignwide is-layout-flex wp-container-core-columns-is-layout-9d6595d7 wp-block-columns-is-layout-flex\">\n<div class=\"wp-block-column is-layout-flow wp-block-column-is-layout-flow\" style=\"flex-basis:100%\">\n<div class=\"wp-block-columns is-layout-flex wp-container-core-columns-is-layout-9d6595d7 wp-block-columns-is-layout-flex\">\n<div class=\"wp-block-column is-layout-flow wp-block-column-is-layout-flow\" style=\"flex-basis:100%\">\n<div class=\"wp-block-group\"><div class=\"wp-block-group__inner-container is-layout-constrained wp-block-group-is-layout-constrained\">\n\n\n<figure class=\"wp-block-table is-style-stripes\"><table class=\"has-kubio-color-6-color has-text-color has-link-color has-border-color has-kubio-color-6-border-color\" style=\"border-style:dotted;border-width:1px\"><thead><tr><th class=\"has-text-align-left\" data-align=\"left\">Ausbildungskurs<\/th><th>Email<\/th><th class=\"has-text-align-left\" data-align=\"left\">\u00dcbungstag<\/th><th class=\"has-text-align-left\" data-align=\"left\">Uhrzeit<\/th><th class=\"has-text-align-left\" data-align=\"left\">Sparte<\/th><th class=\"has-text-align-left\" data-align=\"left\">Trainer \/ Ansprechpartner<\/th><\/tr><\/thead><tbody><tr><td class=\"has-text-align-left\" data-align=\"left\"><a href=\"https:\/\/hundeverein-muehlhausen.de\/WP\/welpen\/\" data-type=\"page\" data-id=\"498\"><strong>Basis<\/strong> &#8211;<br><strong>Welpenschule<\/strong><\/a><\/td><td><a href=\"mailto:welpen@hundeverein-muehlhausen.de\" target=\"_blank\" rel=\"noreferrer noopener\">welpen@hundeverein-muehlhausen.de<\/a><\/td><td class=\"has-text-align-left\" data-align=\"left\">Regelm\u00e4\u00dfiges Stadtteiltraining<\/td><td class=\"has-text-align-left\" data-align=\"left\">nach Absprache<\/td><td class=\"has-text-align-left\" data-align=\"left\">Welpen, Junghunde &amp; Anf\u00e4nger<\/td><td class=\"has-text-align-left\" data-align=\"left\"><strong>Martina Orlam\u00fcnder<\/strong><\/td><\/tr><tr><td class=\"has-text-align-left\" data-align=\"left\"><\/td><td><\/td><td class=\"has-text-align-left\" data-align=\"left\">Samstags<\/td><td class=\"has-text-align-left\" data-align=\"left\">13:30<\/td><td class=\"has-text-align-left\" data-align=\"left\">Welpen<\/td><td class=\"has-text-align-left\" data-align=\"left\"><strong>Martina Orlam\u00fcnder<\/strong><br>Sonja Brenner<br>Wolf Brenner<\/td><\/tr><tr><td class=\"has-text-align-left\" data-align=\"left\"><\/td><td><\/td><td class=\"has-text-align-left\" data-align=\"left\"><\/td><td class=\"has-text-align-left\" data-align=\"left\"><\/td><td class=\"has-text-align-left\" data-align=\"left\"><\/td><td class=\"has-text-align-left\" data-align=\"left\"><\/td><\/tr><tr><td class=\"has-text-align-left\" data-align=\"left\"><strong><a href=\"https:\/\/hundeverein-muehlhausen.de\/WP\/welpen\/\" data-type=\"page\" data-id=\"498\">Basis &#8211; Junghunde &amp; Anf\u00e4nger<\/a><\/strong> <\/td><td><a href=\"mailto:basis1@hundeverein-muehlhausen.de\" target=\"_blank\" rel=\"noreferrer noopener\">basis1@hundeverein-muehlhausen.de<\/a><\/td><td class=\"has-text-align-left\" data-align=\"left\">Regelm\u00e4\u00dfiges Stadtteiltraining<\/td><td class=\"has-text-align-left\" data-align=\"left\">nach Absprache<\/td><td class=\"has-text-align-left\" data-align=\"left\">Welpen, Junghunde &amp; Anf\u00e4nger<\/td><td class=\"has-text-align-left\" data-align=\"left\"><strong>Martina Orlam\u00fcnder<\/strong><\/td><\/tr><tr><td class=\"has-text-align-left\" data-align=\"left\"><\/td><td><\/td><td class=\"has-text-align-left\" data-align=\"left\">Samstag<\/td><td class=\"has-text-align-left\" data-align=\"left\">14:30<\/td><td class=\"has-text-align-left\" data-align=\"left\">Junghunde\/Anf\u00e4nger<\/td><td class=\"has-text-align-left\" data-align=\"left\"><strong>Martina Orlam\u00fcnder<br><\/strong>Sonja Brenner<br>Wolf Brenner<\/td><\/tr><tr><td class=\"has-text-align-left\" data-align=\"left\"><\/td><td><\/td><td class=\"has-text-align-left\" data-align=\"left\">Sonntag<\/td><td class=\"has-text-align-left\" data-align=\"left\">12:30<\/td><td class=\"has-text-align-left\" data-align=\"left\">Junghunde\/Anf\u00e4nger<\/td><td class=\"has-text-align-left\" data-align=\"left\"><strong><strong>Sabine Kaiser<br><\/strong><\/strong>Julia Martinitz<br>Rita Tissberger<\/td><\/tr><tr><td class=\"has-text-align-left\" data-align=\"left\"><\/td><td><\/td><td class=\"has-text-align-left\" data-align=\"left\"><\/td><td class=\"has-text-align-left\" data-align=\"left\"><\/td><td class=\"has-text-align-left\" data-align=\"left\"><\/td><td class=\"has-text-align-left\" data-align=\"left\"><\/td><\/tr><tr><td class=\"has-text-align-left\" data-align=\"left\"><strong><a href=\"https:\/\/hundeverein-muehlhausen.de\/WP\/bh\/\" data-type=\"page\" data-id=\"526\">Begleithunde (BH)<\/a><\/strong><\/td><td><a href=\"mailto:bh@hundeverein-muehlhausen.de\" target=\"_blank\" rel=\"noreferrer noopener\">bh@hundeverein-muehlhausen.de<\/a><\/td><td class=\"has-text-align-left\" data-align=\"left\">Mittwoch<\/td><td class=\"has-text-align-left\" data-align=\"left\">19:00<\/td><td class=\"has-text-align-left\" data-align=\"left\">Kurs schlie\u00dft mit BH-Pr\u00fcfung ab<\/td><td class=\"has-text-align-left\" data-align=\"left\"><strong>Heike Sautter<\/strong><br>Andrea Pfander<\/td><\/tr><tr><td class=\"has-text-align-left\" data-align=\"left\"><\/td><td><\/td><td class=\"has-text-align-left\" data-align=\"left\"><\/td><td class=\"has-text-align-left\" data-align=\"left\"><\/td><td class=\"has-text-align-left\" data-align=\"left\"><\/td><td class=\"has-text-align-left\" data-align=\"left\"><\/td><\/tr><tr><td class=\"has-text-align-left\" data-align=\"left\"><strong><a href=\"https:\/\/hundeverein-muehlhausen.de\/WP\/bh\/\" data-type=\"page\" data-id=\"526\">Team-Test<\/a><\/strong><\/td><td><a href=\"mailto:bh@hundeverein-muehlhausen.de\" target=\"_blank\" rel=\"noreferrer noopener\">bh@hundeverein-muehlhausen.de<\/a><\/td><td class=\"has-text-align-left\" data-align=\"left\">Samstag<\/td><td class=\"has-text-align-left\" data-align=\"left\">14:00<\/td><td class=\"has-text-align-left\" data-align=\"left\">Kurs schlie\u00dft mit Team-Test-Pr\u00fcfung ab<\/td><td class=\"has-text-align-left\" data-align=\"left\"><strong>Heike Sautter<\/strong><br>Anja Pessenbacher<\/td><\/tr><tr><td class=\"has-text-align-left\" data-align=\"left\"><\/td><td><\/td><td class=\"has-text-align-left\" data-align=\"left\"><\/td><td class=\"has-text-align-left\" data-align=\"left\"><\/td><td class=\"has-text-align-left\" data-align=\"left\"><\/td><td class=\"has-text-align-left\" data-align=\"left\"><\/td><\/tr><tr><td class=\"has-text-align-left\" data-align=\"left\"><a href=\"https:\/\/hundeverein-muehlhausen.de\/WP\/ibgh\/\" data-type=\"page\" data-id=\"2635\"><strong>IBGH<\/strong><\/a><\/td><td><a href=\"mailto:ibgh@hundeverein-muehlhausen.de\">ibgh@hundeverein-muehlhausen.de<\/a><\/td><td class=\"has-text-align-left\" data-align=\"left\">Mittwoch<\/td><td class=\"has-text-align-left\" data-align=\"left\">19:30<\/td><td class=\"has-text-align-left\" data-align=\"left\"><\/td><td class=\"has-text-align-left\" data-align=\"left\"><strong>Wolf Brenner<\/strong><\/td><\/tr><tr><td class=\"has-text-align-left\" data-align=\"left\"><\/td><td><\/td><td class=\"has-text-align-left\" data-align=\"left\"><\/td><td class=\"has-text-align-left\" data-align=\"left\"><\/td><td class=\"has-text-align-left\" data-align=\"left\"><\/td><td class=\"has-text-align-left\" data-align=\"left\"><\/td><\/tr><tr><td class=\"has-text-align-left\" data-align=\"left\"><strong><a href=\"https:\/\/hundeverein-muehlhausen.de\/WP\/ths\/\" data-type=\"page\" data-id=\"545\">Turnierhundesport (THS)<\/a><\/strong><\/td><td><a href=\"mailto:THS@hundeverein-muehlhausen.de\" target=\"_blank\" rel=\"noreferrer noopener\">THS@hundeverein-muehlhausen.de<\/a><\/td><td class=\"has-text-align-left\" data-align=\"left\">Montag<\/td><td class=\"has-text-align-left\" data-align=\"left\">17:30<\/td><td class=\"has-text-align-left\" data-align=\"left\"><\/td><td class=\"has-text-align-left\" data-align=\"left\"><strong>Katrin Maier<\/strong><br>Virginia Ruoff<br>Birgit Bauer<\/td><\/tr><tr><td class=\"has-text-align-left\" data-align=\"left\"><\/td><td><\/td><td class=\"has-text-align-left\" data-align=\"left\">Freitag<\/td><td class=\"has-text-align-left\" data-align=\"left\">17:30<\/td><td class=\"has-text-align-left\" data-align=\"left\"><\/td><td class=\"has-text-align-left\" data-align=\"left\"><br><strong>Katrin Maier<\/strong><br>Virginia Ruoff<br>Birgit Bauer<br>Dorothea Stark<\/td><\/tr><tr><td class=\"has-text-align-left\" data-align=\"left\"><\/td><td><\/td><td class=\"has-text-align-left\" data-align=\"left\"><\/td><td class=\"has-text-align-left\" data-align=\"left\"><\/td><td class=\"has-text-align-left\" data-align=\"left\"><\/td><td class=\"has-text-align-left\" data-align=\"left\"><\/td><\/tr><tr><td class=\"has-text-align-left\" data-align=\"left\"><strong><a href=\"https:\/\/hundeverein-muehlhausen.de\/WP\/agility\/\" data-type=\"page\" data-id=\"574\">Agility<\/a> <mark style=\"background-color:rgba(0, 0, 0, 0)\" class=\"has-inline-color has-kubio-color-2-color\">Warteliste!<\/mark><\/strong><\/td><td><a href=\"mailto:Agility@hundeverein-muehlhausen.de\" target=\"_blank\" rel=\"noreferrer noopener\">Agility@hundeverein-muehlhausen.de<\/a><\/td><td class=\"has-text-align-left\" data-align=\"left\">Donnerstag<\/td><td class=\"has-text-align-left\" data-align=\"left\">18:00<\/td><td class=\"has-text-align-left\" data-align=\"left\">Anf\u00e4nger<\/td><td class=\"has-text-align-left\" data-align=\"left\"><strong>Suse Breuer<\/strong><br>Paul Sautter<\/td><\/tr><tr><td class=\"has-text-align-left\" data-align=\"left\"><\/td><td><\/td><td class=\"has-text-align-left\" data-align=\"left\">Samstag<\/td><td class=\"has-text-align-left\" data-align=\"left\">08:00 &#8211; 13:00<\/td><td class=\"has-text-align-left\" data-align=\"left\">Diverse Gruppen<\/td><td class=\"has-text-align-left\" data-align=\"left\"><strong>Holger Schweizer<\/strong><br>Julia Essler<br>Daniela B\u00fcrstel<br>Melli Kallmes<\/td><\/tr><tr><td class=\"has-text-align-left\" data-align=\"left\"><\/td><td><\/td><td class=\"has-text-align-left\" data-align=\"left\"><\/td><td class=\"has-text-align-left\" data-align=\"left\"><\/td><td class=\"has-text-align-left\" data-align=\"left\"><\/td><td class=\"has-text-align-left\" data-align=\"left\"><\/td><\/tr><tr><td class=\"has-text-align-left\" data-align=\"left\"><strong><a href=\"https:\/\/hundeverein-muehlhausen.de\/WP\/hoopers\/\" data-type=\"page\" data-id=\"591\">Hooper Agility<\/a><\/strong><\/td><td><a href=\"mailto:nadac@hundeverein-muehlhausen.de\" target=\"_blank\" rel=\"noreferrer noopener\">nadac@hundeverein-muehlhausen.de<\/a><\/td><td class=\"has-text-align-left\" data-align=\"left\">Dienstag<\/td><td class=\"has-text-align-left\" data-align=\"left\">19:00<\/td><td class=\"has-text-align-left\" data-align=\"left\">freies Training<\/td><td class=\"has-text-align-left\" data-align=\"left\"><strong>Monika Wanke<\/strong><br><\/td><\/tr><tr><td class=\"has-text-align-left\" data-align=\"left\"><\/td><td><\/td><td class=\"has-text-align-left\" data-align=\"left\"><\/td><td class=\"has-text-align-left\" data-align=\"left\"><\/td><td class=\"has-text-align-left\" data-align=\"left\"><\/td><td class=\"has-text-align-left\" data-align=\"left\"><\/td><\/tr><tr><td class=\"has-text-align-left\" data-align=\"left\"><strong><a href=\"https:\/\/hundeverein-muehlhausen.de\/WP\/obedience\/\" data-type=\"page\" data-id=\"613\">Obedience<\/a><\/strong><\/td><td><a href=\"mailto:obi@hundeverein-muehlhausen.de\" target=\"_blank\" rel=\"noreferrer noopener\">obi@hundeverein-muehlhausen.de<\/a><\/td><td class=\"has-text-align-left\" data-align=\"left\">Montag<\/td><td class=\"has-text-align-left\" data-align=\"left\">20:15<\/td><td class=\"has-text-align-left\" data-align=\"left\">Voraussetzung: BH-Pr\u00fcfung<br>Pr\u00fcfungsvorbereitung unter Ablenkung<\/td><td class=\"has-text-align-left\" data-align=\"left\"><strong>Heike Rommel<\/strong><br>Andrea H\u00f6rer<\/td><\/tr><tr><td class=\"has-text-align-left\" data-align=\"left\"><\/td><td><\/td><td class=\"has-text-align-left\" data-align=\"left\">Sonntag<\/td><td class=\"has-text-align-left\" data-align=\"left\">10:00<\/td><td class=\"has-text-align-left\" data-align=\"left\">Voraussetzung: BH-Pr\u00fcfung<\/td><td class=\"has-text-align-left\" data-align=\"left\"><strong>Sabine Kaiser<\/strong><\/td><\/tr><tr><td class=\"has-text-align-left\" data-align=\"left\"><\/td><td><\/td><td class=\"has-text-align-left\" data-align=\"left\"><\/td><td class=\"has-text-align-left\" data-align=\"left\"><\/td><td class=\"has-text-align-left\" data-align=\"left\"><\/td><td class=\"has-text-align-left\" data-align=\"left\"><\/td><\/tr><tr><td class=\"has-text-align-left\" data-align=\"left\"><strong><a href=\"https:\/\/hundeverein-muehlhausen.de\/WP\/spassgruppe\/\" data-type=\"page\" data-id=\"673\">Spa\u00dfgruppe<\/a><\/strong><\/td><td><a href=\"mailto:Fun@hundeverein-muehlhausen.de\" target=\"_blank\" rel=\"noreferrer noopener\">Fun@hundeverein-muehlhausen.de<\/a><\/td><td class=\"has-text-align-left\" data-align=\"left\">Mittwoch<\/td><td class=\"has-text-align-left\" data-align=\"left\">18:00<\/td><td class=\"has-text-align-left\" data-align=\"left\">ab ca. 8 Monate<\/td><td class=\"has-text-align-left\" data-align=\"left\"><strong>Natalie Liebert<\/strong><br>Susanne Wendler<\/td><\/tr><tr><td class=\"has-text-align-left\" data-align=\"left\"><\/td><td><\/td><td class=\"has-text-align-left\" data-align=\"left\"><\/td><td class=\"has-text-align-left\" data-align=\"left\"><\/td><td class=\"has-text-align-left\" data-align=\"left\"><\/td><td class=\"has-text-align-left\" data-align=\"left\"><\/td><\/tr><tr><td class=\"has-text-align-left\" data-align=\"left\"><strong><a href=\"https:\/\/hundeverein-muehlhausen.de\/WP\/ro\/\" data-type=\"page\" data-id=\"642\">Rally Obedience<\/a><\/strong><\/td><td><a href=\"mailto:Rallyobedience@hundeverein-muehlhausen.de\" target=\"_blank\" rel=\"noreferrer noopener\">Rallyobedience@hundeverein-muehlhausen.de<\/a><\/td><td class=\"has-text-align-left\" data-align=\"left\">Donnerstag<\/td><td class=\"has-text-align-left\" data-align=\"left\">18:30<\/td><td class=\"has-text-align-left\" data-align=\"left\">Anf\u00e4nger <\/td><td class=\"has-text-align-left\" data-align=\"left\"><strong>Heike Sautter<\/strong><br>Beate Maile-Ackermann<\/td><\/tr><tr><td class=\"has-text-align-left\" data-align=\"left\"><\/td><td><\/td><td class=\"has-text-align-left\" data-align=\"left\">Donnerstag<\/td><td class=\"has-text-align-left\" data-align=\"left\">19:30<\/td><td class=\"has-text-align-left\" data-align=\"left\">Fortgeschrittene<\/td><td class=\"has-text-align-left\" data-align=\"left\"><strong>Heike Sautter<\/strong><br>Beate Maile-Ackermann<\/td><\/tr><tr><td class=\"has-text-align-left\" data-align=\"left\"><\/td><td><\/td><td class=\"has-text-align-left\" data-align=\"left\">Samstag<\/td><td class=\"has-text-align-left\" data-align=\"left\">16:00<\/td><td class=\"has-text-align-left\" data-align=\"left\">Fortgeschrittene<br>freies Training<\/td><td class=\"has-text-align-left\" data-align=\"left\"><strong>Heike Sautter<\/strong><br>Beate Maile-Ackermann<\/td><\/tr><tr><td class=\"has-text-align-left\" data-align=\"left\"><\/td><td><\/td><td class=\"has-text-align-left\" data-align=\"left\"><\/td><td class=\"has-text-align-left\" data-align=\"left\"><\/td><td class=\"has-text-align-left\" data-align=\"left\"><\/td><td class=\"has-text-align-left\" data-align=\"left\"><\/td><\/tr><tr><td class=\"has-text-align-left\" data-align=\"left\"><strong><a href=\"https:\/\/hundeverein-muehlhausen.de\/WP\/dogdance\/\" data-type=\"page\" data-id=\"662\">DogDance<\/a><\/strong><\/td><td><a href=\"mailto:dogdance@hundeverein-muehlhausen.de\" target=\"_blank\" rel=\"noreferrer noopener\">dogdance@hundeverein-muehlhausen.de<\/a><\/td><td class=\"has-text-align-left\" data-align=\"left\">Montag<\/td><td class=\"has-text-align-left\" data-align=\"left\">18:30 2x im Monat<\/td><td class=\"has-text-align-left\" data-align=\"left\">Anf\u00e4nger &amp; Fortgeschrittene <br>ab 6 Monate<\/td><td class=\"has-text-align-left\" data-align=\"left\"><strong>Corinna Gubatz<\/strong><br>Sabine M\u00fcller<\/td><\/tr><\/tbody><\/table><\/figure>\n\n\n\n<p><\/p>\n<\/div><\/div>\n<\/div>\n<\/div>\n<\/div>\n<\/div>\n","protected":false},"excerpt":{"rendered":"<p>Ausbildungskurs Email \u00dcbungstag Uhrzeit Sparte Trainer \/ Ansprechpartner Basis &#8211;Welpenschule welpen@hundeverein-muehlhausen.de Regelm\u00e4\u00dfiges Stadtteiltraining nach Absprache Welpen, Junghunde &amp; Anf\u00e4nger Martina Orlam\u00fcnder Samstags 13:30 Welpen Martina Orlam\u00fcnderSonja BrennerWolf Brenner Basis &#8211; [&hellip;]<\/p>\n","protected":false},"author":1,"featured_media":0,"parent":0,"menu_order":0,"comment_status":"closed","ping_status":"closed","template":"full-width","meta":{"saved_in_kubio":true,"_price":"","_stock":"","_tribe_ticket_header":"","_tribe_default_ticket_provider":"","_tribe_ticket_capacity":"0","_ticket_start_date":"","_ticket_end_date":"","_tribe_ticket_show_description":"","_tribe_ticket_show_not_going":false,"_tribe_ticket_use_global_stock":"","_tribe_ticket_global_stock_level":"","_global_stock_mode":"","_global_stock_cap":"","_tribe_rsvp_for_event":"","_tribe_ticket_going_count":"","_tribe_ticket_not_going_count":"","_tribe_tickets_list":"[]","_tribe_ticket_has_attendee_info_fields":false,"_mc_calendar":[],"footnotes":"","_tec_slr_enabled":"","_tec_slr_layout":""},"class_list":["post-1851","page","type-page","status-publish","hentry"],"kubio_ai_page_context":{"short_desc":"","purpose":"general"},"ticketed":false,"_links":{"self":[{"href":"https:\/\/hundeverein-muehlhausen.de\/WP\/wp-json\/wp\/v2\/pages\/1851","targetHints":{"allow":["GET"]}}],"collection":[{"href":"https:\/\/hundeverein-muehlhausen.de\/WP\/wp-json\/wp\/v2\/pages"}],"about":[{"href":"https:\/\/hundeverein-muehlhausen.de\/WP\/wp-json\/wp\/v2\/types\/page"}],"author":[{"embeddable":true,"href":"https:\/\/hundeverein-muehlhausen.de\/WP\/wp-json\/wp\/v2\/users\/1"}],"replies":[{"embeddable":true,"href":"https:\/\/hundeverein-muehlhausen.de\/WP\/wp-json\/wp\/v2\/comments?post=1851"}],"version-history":[{"count":11,"href":"https:\/\/hundeverein-muehlhausen.de\/WP\/wp-json\/wp\/v2\/pages\/1851\/revisions"}],"predecessor-version":[{"id":2647,"href":"https:\/\/hundeverein-muehlhausen.de\/WP\/wp-json\/wp\/v2\/pages\/1851\/revisions\/2647"}],"wp:attachment":[{"href":"https:\/\/hundeverein-muehlhausen.de\/WP\/wp-json\/wp\/v2\/media?parent=1851"}],"curies":[{"name":"wp","href":"https:\/\/api.w.org\/{rel}","templated":true}]}}